{"id":380,"date":"2026-03-16T17:19:47","date_gmt":"2026-03-16T17:19:47","guid":{"rendered":"https:\/\/conhistoriamoda.com\/?post_type=product&#038;p=380"},"modified":"2026-03-16T17:47:33","modified_gmt":"2026-03-16T17:47:33","slug":"amplify","status":"publish","type":"product","link":"https:\/\/conhistoriamoda.com\/es\/product\/amplify\/","title":{"rendered":"Amplify"},"content":{"rendered":"<p><b data-path-to-node=\"3\" data-index-in-node=\"0\">Bermudas de Nataci\u00f3n para Hombre \u2013 Dise\u00f1o de Rayas N\u00e1uticas<\/b> Luce un estilo moderno y din\u00e1mico con estos board shorts de alto rendimiento. Presentan un patr\u00f3n de rayas horizontales en azul marino y blanco con un panel inferior texturizado en gris claro. Cuentan con cintura ajustable mediante cord\u00f3n y un pr\u00e1ctico bolsillo lateral. Ideales para el surf, la playa o un d\u00eda de piscina.<\/p>","protected":false},"excerpt":{"rendered":"<p><b data-path-to-node=\"3\" data-index-in-node=\"0\">Bermudas de Nataci\u00f3n para Hombre \u2013 Dise\u00f1o de Rayas N\u00e1uticas<\/b> Luce un estilo moderno y din\u00e1mico con estos board shorts de alto rendimiento. Presentan un patr\u00f3n de rayas horizontales en azul marino y blanco con un panel inferior texturizado en gris claro. Cuentan con cintura ajustable mediante cord\u00f3n y un pr\u00e1ctico bolsillo lateral. Ideales para el surf, la playa o un d\u00eda de piscina.<\/p>","protected":false},"featured_media":367,"comment_status":"closed","ping_status":"closed","template":"","meta":[],"product_brand":[69],"product_cat":[31],"product_tag":[],"class_list":{"0":"post-380","1":"product","2":"type-product","3":"status-publish","4":"has-post-thumbnail","6":"product_brand-amplify","7":"product_cat-hombre","9":"first","10":"instock","11":"shipping-taxable","12":"purchasable","13":"product-type-simple"},"aioseo_notices":[],"_links":{"self":[{"href":"https:\/\/conhistoriamoda.com\/es\/wp-json\/wp\/v2\/product\/380","targetHints":{"allow":["GET"]}}],"collection":[{"href":"https:\/\/conhistoriamoda.com\/es\/wp-json\/wp\/v2\/product"}],"about":[{"href":"https:\/\/conhistoriamoda.com\/es\/wp-json\/wp\/v2\/types\/product"}],"replies":[{"embeddable":true,"href":"https:\/\/conhistoriamoda.com\/es\/wp-json\/wp\/v2\/comments?post=380"}],"wp:featuredmedia":[{"embeddable":true,"href":"https:\/\/conhistoriamoda.com\/es\/wp-json\/wp\/v2\/media\/367"}],"wp:attachment":[{"href":"https:\/\/conhistoriamoda.com\/es\/wp-json\/wp\/v2\/media?parent=380"}],"wp:term":[{"taxonomy":"product_brand","embeddable":true,"href":"https:\/\/conhistoriamoda.com\/es\/wp-json\/wp\/v2\/product_brand?post=380"},{"taxonomy":"product_cat","embeddable":true,"href":"https:\/\/conhistoriamoda.com\/es\/wp-json\/wp\/v2\/product_cat?post=380"},{"taxonomy":"product_tag","embeddable":true,"href":"https:\/\/conhistoriamoda.com\/es\/wp-json\/wp\/v2\/product_tag?post=380"}],"curies":[{"name":"wp","href":"https:\/\/api.w.org\/{rel}","templated":true}]}}