{"id":333,"date":"2026-03-13T01:26:50","date_gmt":"2026-03-13T01:26:50","guid":{"rendered":"https:\/\/conhistoriamoda.com\/?post_type=product&#038;p=333"},"modified":"2026-03-13T01:26:50","modified_gmt":"2026-03-13T01:26:50","slug":"goodfellow","status":"publish","type":"product","link":"https:\/\/conhistoriamoda.com\/es\/product\/goodfellow\/","title":{"rendered":"Goodfellow"},"content":{"rendered":"<p><img fetchpriority=\"high\" decoding=\"async\" class=\"alignnone size-medium wp-image-334\" src=\"https:\/\/conhistoriamoda.com\/wp-content\/uploads\/2026\/03\/good-253x300.jpeg\" alt=\"\" width=\"253\" height=\"300\" srcset=\"https:\/\/conhistoriamoda.com\/wp-content\/uploads\/2026\/03\/good-253x300.jpeg 253w, https:\/\/conhistoriamoda.com\/wp-content\/uploads\/2026\/03\/good-863x1024.jpeg 863w, https:\/\/conhistoriamoda.com\/wp-content\/uploads\/2026\/03\/good-768x911.jpeg 768w, https:\/\/conhistoriamoda.com\/wp-content\/uploads\/2026\/03\/good-1295x1536.jpeg 1295w, https:\/\/conhistoriamoda.com\/wp-content\/uploads\/2026\/03\/good-600x712.jpeg 600w, https:\/\/conhistoriamoda.com\/wp-content\/uploads\/2026\/03\/good.jpeg 1726w\" sizes=\"(max-width: 253px) 100vw, 253px\" \/><\/p>\n<ul data-path-to-node=\"6\">\n<li>\n<p data-path-to-node=\"6,0,0\"><b data-path-to-node=\"6,0,0\" data-index-in-node=\"0\">Marca:<\/b> Goodfellow &amp; Co.<\/p>\n<\/li>\n<li>\n<p data-path-to-node=\"6,1,0\"><b data-path-to-node=\"6,1,0\" data-index-in-node=\"0\">Talla:<\/b> 32 (Cintura).<\/p>\n<\/li>\n<li>\n<p data-path-to-node=\"6,2,0\"><b data-path-to-node=\"6,2,0\" data-index-in-node=\"0\">Color:<\/b> Azul marino con estampado geom\u00e9trico blanco\/gris claro.<\/p>\n<\/li>\n<li>\n<p data-path-to-node=\"6,3,0\"><b data-path-to-node=\"6,3,0\" data-index-in-node=\"0\">Estilo:<\/b> Chino corto \/ Casual elegante.<\/p>\n<\/li>\n<li>\n<p data-path-to-node=\"6,4,0\"><b data-path-to-node=\"6,4,0\" data-index-in-node=\"0\">Corte:<\/b> Ajuste est\u00e1ndar que llega por encima de la rodilla.<\/p>\n<\/li>\n<li>\n<p data-path-to-node=\"6,5,0\"><b data-path-to-node=\"6,5,0\" data-index-in-node=\"0\">Material:<\/b> Tela de algod\u00f3n de alta calidad con un toque de elasticidad para mayor comodidad.<\/p>\n<\/li>\n<li>\n<p data-path-to-node=\"6,6,0\"><b data-path-to-node=\"6,6,0\" data-index-in-node=\"0\">Caracter\u00edsticas:<\/b> * Cierre de bot\u00f3n y cremallera frontal.<\/p>\n<ul data-path-to-node=\"6,6,1\">\n<li>\n<p data-path-to-node=\"6,6,1,0,0\">Bolsillos laterales funcionales y bolsillos traseros de ojal.<\/p>\n<\/li>\n<li>\n<p data-path-to-node=\"6,6,1,1,0\">Pasadores para cintur\u00f3n.<\/p>\n<\/li>\n<\/ul>\n<\/li>\n<\/ul>\n<h3 data-path-to-node=\"7\"><b data-path-to-node=\"7\" data-index-in-node=\"0\">Estado:<\/b><\/h3>\n<p data-path-to-node=\"8\">El art\u00edculo se encuentra en <b data-path-to-node=\"8\" data-index-in-node=\"28\">excelentes condiciones<\/b>, con colores vibrantes y sin signos evidentes de desgaste.<\/p>","protected":false},"excerpt":{"rendered":"<p><img fetchpriority=\"high\" decoding=\"async\" class=\"alignnone size-medium wp-image-334\" src=\"https:\/\/conhistoriamoda.com\/wp-content\/uploads\/2026\/03\/good-253x300.jpeg\" alt=\"\" width=\"253\" height=\"300\" srcset=\"https:\/\/conhistoriamoda.com\/wp-content\/uploads\/2026\/03\/good-253x300.jpeg 253w, https:\/\/conhistoriamoda.com\/wp-content\/uploads\/2026\/03\/good-863x1024.jpeg 863w, https:\/\/conhistoriamoda.com\/wp-content\/uploads\/2026\/03\/good-768x911.jpeg 768w, https:\/\/conhistoriamoda.com\/wp-content\/uploads\/2026\/03\/good-1295x1536.jpeg 1295w, https:\/\/conhistoriamoda.com\/wp-content\/uploads\/2026\/03\/good-600x712.jpeg 600w, https:\/\/conhistoriamoda.com\/wp-content\/uploads\/2026\/03\/good.jpeg 1726w\" sizes=\"(max-width: 253px) 100vw, 253px\" \/>Eleva tu estilo casual con estos pantalones cortos de la marca <b data-path-to-node=\"4\" data-index-in-node=\"63\">Goodfellow &amp; Co<\/b>. Presentan un dise\u00f1o sofisticado en color azul marino con un patr\u00f3n geom\u00e9trico de micro-diamantes en contraste, lo que los hace perfectos tanto para un d\u00eda de descanso como para una reuni\u00f3n informal de verano.<\/p>","protected":false},"featured_media":334,"comment_status":"closed","ping_status":"closed","template":"","meta":[],"product_brand":[62],"product_cat":[31],"product_tag":[],"class_list":{"0":"post-333","1":"product","2":"type-product","3":"status-publish","4":"has-post-thumbnail","6":"product_brand-goodfellow","7":"product_cat-hombre","9":"first","10":"instock","11":"shipping-taxable","12":"purchasable","13":"product-type-simple"},"aioseo_notices":[],"_links":{"self":[{"href":"https:\/\/conhistoriamoda.com\/es\/wp-json\/wp\/v2\/product\/333","targetHints":{"allow":["GET"]}}],"collection":[{"href":"https:\/\/conhistoriamoda.com\/es\/wp-json\/wp\/v2\/product"}],"about":[{"href":"https:\/\/conhistoriamoda.com\/es\/wp-json\/wp\/v2\/types\/product"}],"replies":[{"embeddable":true,"href":"https:\/\/conhistoriamoda.com\/es\/wp-json\/wp\/v2\/comments?post=333"}],"wp:featuredmedia":[{"embeddable":true,"href":"https:\/\/conhistoriamoda.com\/es\/wp-json\/wp\/v2\/media\/334"}],"wp:attachment":[{"href":"https:\/\/conhistoriamoda.com\/es\/wp-json\/wp\/v2\/media?parent=333"}],"wp:term":[{"taxonomy":"product_brand","embeddable":true,"href":"https:\/\/conhistoriamoda.com\/es\/wp-json\/wp\/v2\/product_brand?post=333"},{"taxonomy":"product_cat","embeddable":true,"href":"https:\/\/conhistoriamoda.com\/es\/wp-json\/wp\/v2\/product_cat?post=333"},{"taxonomy":"product_tag","embeddable":true,"href":"https:\/\/conhistoriamoda.com\/es\/wp-json\/wp\/v2\/product_tag?post=333"}],"curies":[{"name":"wp","href":"https:\/\/api.w.org\/{rel}","templated":true}]}}