{"id":279,"date":"2026-03-09T14:12:20","date_gmt":"2026-03-09T14:12:20","guid":{"rendered":"https:\/\/darkslategrey-turtle-871352.hostingersite.com\/?post_type=product&#038;p=279"},"modified":"2026-03-09T14:12:20","modified_gmt":"2026-03-09T14:12:20","slug":"jack-nicklaus-suete","status":"publish","type":"product","link":"https:\/\/conhistoriamoda.com\/es\/product\/jack-nicklaus-suete\/","title":{"rendered":"Jack Nicklaus suete"},"content":{"rendered":"<p><img fetchpriority=\"high\" decoding=\"async\" class=\"alignnone size-medium wp-image-280\" src=\"https:\/\/conhistoriamoda.com\/wp-content\/uploads\/2026\/03\/nick-white-169x300.jpg\" alt=\"\" width=\"169\" height=\"300\" srcset=\"https:\/\/conhistoriamoda.com\/wp-content\/uploads\/2026\/03\/nick-white-169x300.jpg 169w, https:\/\/conhistoriamoda.com\/wp-content\/uploads\/2026\/03\/nick-white.jpg 576w\" sizes=\"(max-width: 169px) 100vw, 169px\" \/><\/p>\n<ul>\n<li>\n<p data-path-to-node=\"4,0,0\"><b data-path-to-node=\"4,0,0\" data-index-in-node=\"0\">Dise\u00f1o:<\/b> El polo cuenta con un patr\u00f3n de rayas horizontales finas en color rosa y blanco, complementado con un cuello de punto s\u00f3lido en color rosa suave.<\/p>\n<\/li>\n<li>\n<p data-path-to-node=\"4,1,0\"><b data-path-to-node=\"4,1,0\" data-index-in-node=\"0\">Estilo:<\/b> Es una prenda de estilo <i data-path-to-node=\"4,1,0\" data-index-in-node=\"32\">casual-sport<\/i>, ideal para el clima tropical o un d\u00eda de golf.<\/p>\n<\/li>\n<li>\n<p data-path-to-node=\"4,2,0\"><b data-path-to-node=\"4,2,0\" data-index-in-node=\"0\">Contexto:<\/b> La fotograf\u00eda est\u00e1 ambientada en una calle pintoresca de la Rep\u00fablica Dominicana (espec\u00edficamente se observa un letrero de &#8220;Carnaval La Vega&#8221; y una bodega local), lo que aporta un aire aut\u00e9ntico, c\u00e1lido y cultural a la presentaci\u00f3n de la prenda.<\/p>\n<\/li>\n<li>\n<p data-path-to-node=\"4,3,0\"><b data-path-to-node=\"4,3,0\" data-index-in-node=\"0\">Ajuste:<\/b> La talla XXL se adapta perfectamente a la estatura y contextura del modelo, mostrando una ca\u00edda natural en los hombros y el torso.<\/p>\n<\/li>\n<\/ul>","protected":false},"excerpt":{"rendered":"<p><img fetchpriority=\"high\" decoding=\"async\" class=\"alignnone size-medium wp-image-280\" src=\"https:\/\/conhistoriamoda.com\/wp-content\/uploads\/2026\/03\/nick-white-169x300.jpg\" alt=\"\" width=\"169\" height=\"300\" srcset=\"https:\/\/conhistoriamoda.com\/wp-content\/uploads\/2026\/03\/nick-white-169x300.jpg 169w, https:\/\/conhistoriamoda.com\/wp-content\/uploads\/2026\/03\/nick-white.jpg 576w\" sizes=\"(max-width: 169px) 100vw, 169px\" \/>marca Jack Nicklaus (reconocible por el ic\u00f3nico logo del &#8220;Oso Dorado&#8221; en el pecho)<\/p>","protected":false},"featured_media":281,"comment_status":"closed","ping_status":"closed","template":"","meta":[],"product_brand":[53],"product_cat":[31],"product_tag":[54],"class_list":{"0":"post-279","1":"product","2":"type-product","3":"status-publish","4":"has-post-thumbnail","6":"product_brand-jack-nicklaus","7":"product_cat-hombre","8":"product_tag-https-darkslategrey-turtle-871352-hostingersite-com-wp-content-uploads-2026-03-nick-white-jpg","10":"first","11":"instock","12":"shipping-taxable","13":"purchasable","14":"product-type-simple"},"aioseo_notices":[],"_links":{"self":[{"href":"https:\/\/conhistoriamoda.com\/es\/wp-json\/wp\/v2\/product\/279","targetHints":{"allow":["GET"]}}],"collection":[{"href":"https:\/\/conhistoriamoda.com\/es\/wp-json\/wp\/v2\/product"}],"about":[{"href":"https:\/\/conhistoriamoda.com\/es\/wp-json\/wp\/v2\/types\/product"}],"replies":[{"embeddable":true,"href":"https:\/\/conhistoriamoda.com\/es\/wp-json\/wp\/v2\/comments?post=279"}],"wp:featuredmedia":[{"embeddable":true,"href":"https:\/\/conhistoriamoda.com\/es\/wp-json\/wp\/v2\/media\/281"}],"wp:attachment":[{"href":"https:\/\/conhistoriamoda.com\/es\/wp-json\/wp\/v2\/media?parent=279"}],"wp:term":[{"taxonomy":"product_brand","embeddable":true,"href":"https:\/\/conhistoriamoda.com\/es\/wp-json\/wp\/v2\/product_brand?post=279"},{"taxonomy":"product_cat","embeddable":true,"href":"https:\/\/conhistoriamoda.com\/es\/wp-json\/wp\/v2\/product_cat?post=279"},{"taxonomy":"product_tag","embeddable":true,"href":"https:\/\/conhistoriamoda.com\/es\/wp-json\/wp\/v2\/product_tag?post=279"}],"curies":[{"name":"wp","href":"https:\/\/api.w.org\/{rel}","templated":true}]}}