{"id":269,"date":"2026-03-08T11:36:44","date_gmt":"2026-03-08T11:36:44","guid":{"rendered":"https:\/\/darkslategrey-turtle-871352.hostingersite.com\/?post_type=product&#038;p=269"},"modified":"2026-03-08T11:36:44","modified_gmt":"2026-03-08T11:36:44","slug":"russell-suete","status":"publish","type":"product","link":"https:\/\/conhistoriamoda.com\/es\/product\/russell-suete\/","title":{"rendered":"Russell suete"},"content":{"rendered":"<p><img fetchpriority=\"high\" decoding=\"async\" class=\"alignnone size-medium wp-image-270\" src=\"https:\/\/conhistoriamoda.com\/wp-content\/uploads\/2026\/03\/Russell-1-200x300.png\" alt=\"\" width=\"200\" height=\"300\" srcset=\"https:\/\/conhistoriamoda.com\/wp-content\/uploads\/2026\/03\/Russell-1-200x300.png 200w, https:\/\/conhistoriamoda.com\/wp-content\/uploads\/2026\/03\/Russell-1-683x1024.png 683w, https:\/\/conhistoriamoda.com\/wp-content\/uploads\/2026\/03\/Russell-1-768x1152.png 768w, https:\/\/conhistoriamoda.com\/wp-content\/uploads\/2026\/03\/Russell-1-600x900.png 600w, https:\/\/conhistoriamoda.com\/wp-content\/uploads\/2026\/03\/Russell-1.png 1024w\" sizes=\"(max-width: 200px) 100vw, 200px\" \/><\/p>\n<ul data-path-to-node=\"7\">\n<li>\n<p data-path-to-node=\"7,0,0\"><b data-path-to-node=\"7,0,0\" data-index-in-node=\"0\">Corte Relaxed Fit:<\/b> Ideal para un estilo c\u00f3modo y casual o para actividades deportivas.<\/p>\n<\/li>\n<li>\n<p data-path-to-node=\"7,1,0\"><b data-path-to-node=\"7,1,0\" data-index-in-node=\"0\">Logotipo Bordado:<\/b> Incluye el emblem\u00e1tico parche del \u00e1guila (&#8220;Eagle R&#8221;), s\u00edmbolo de autenticidad y herencia americana.<\/p>\n<\/li>\n<li>\n<p data-path-to-node=\"7,2,0\"><b data-path-to-node=\"7,2,0\" data-index-in-node=\"0\">Construcci\u00f3n Robusta:<\/b> Costuras reforzadas que mantienen la forma de la prenda tras varios lavados.<\/p>\n<\/li>\n<li>\n<p data-path-to-node=\"7,3,0\"><b data-path-to-node=\"7,3,0\" data-index-in-node=\"0\">Versatilidad:<\/b> Perfecta para combinar con outfits de <i data-path-to-node=\"7,3,0\" data-index-in-node=\"52\">streetwear<\/i> o para entrenamiento.<\/p>\n<\/li>\n<\/ul>\n<blockquote data-path-to-node=\"8\">\n<p data-path-to-node=\"8,0\"><b data-path-to-node=\"8,0\" data-index-in-node=\"0\">Nota de Estilo:<\/b> El tallaje 2XL de Russell es generoso, ofreciendo una ca\u00edda c\u00f3moda y amplia, fiel a la est\u00e9tica del <i data-path-to-node=\"8,0\" data-index-in-node=\"116\">sportswear<\/i> tradicional.<\/p>\n<\/blockquote>","protected":false},"excerpt":{"rendered":"<p><img fetchpriority=\"high\" decoding=\"async\" class=\"alignnone size-medium wp-image-270\" src=\"https:\/\/conhistoriamoda.com\/wp-content\/uploads\/2026\/03\/Russell-1-200x300.png\" alt=\"\" width=\"200\" height=\"300\" srcset=\"https:\/\/conhistoriamoda.com\/wp-content\/uploads\/2026\/03\/Russell-1-200x300.png 200w, https:\/\/conhistoriamoda.com\/wp-content\/uploads\/2026\/03\/Russell-1-683x1024.png 683w, https:\/\/conhistoriamoda.com\/wp-content\/uploads\/2026\/03\/Russell-1-768x1152.png 768w, https:\/\/conhistoriamoda.com\/wp-content\/uploads\/2026\/03\/Russell-1-600x900.png 600w, https:\/\/conhistoriamoda.com\/wp-content\/uploads\/2026\/03\/Russell-1.png 1024w\" sizes=\"(max-width: 200px) 100vw, 200px\" \/>Esta prenda de la ic\u00f3nica marca <b data-path-to-node=\"3\" data-index-in-node=\"32\">Russell Athletic<\/b> combina el estilo deportivo cl\u00e1sico con la durabilidad que ha definido a la marca desde 1902. <span class=\"citation-1 citation-end-1\">Conocida por inventar la sudadera original, Russell ofrece piezas dise\u00f1adas para el m\u00e1ximo confort y resistencia.<\/span><\/p>","protected":false},"featured_media":271,"comment_status":"closed","ping_status":"closed","template":"","meta":[],"product_brand":[50],"product_cat":[31],"product_tag":[],"class_list":{"0":"post-269","1":"product","2":"type-product","3":"status-publish","4":"has-post-thumbnail","6":"product_brand-russell-athletic","7":"product_cat-hombre","9":"first","10":"instock","11":"shipping-taxable","12":"purchasable","13":"product-type-simple"},"aioseo_notices":[],"_links":{"self":[{"href":"https:\/\/conhistoriamoda.com\/es\/wp-json\/wp\/v2\/product\/269","targetHints":{"allow":["GET"]}}],"collection":[{"href":"https:\/\/conhistoriamoda.com\/es\/wp-json\/wp\/v2\/product"}],"about":[{"href":"https:\/\/conhistoriamoda.com\/es\/wp-json\/wp\/v2\/types\/product"}],"replies":[{"embeddable":true,"href":"https:\/\/conhistoriamoda.com\/es\/wp-json\/wp\/v2\/comments?post=269"}],"wp:featuredmedia":[{"embeddable":true,"href":"https:\/\/conhistoriamoda.com\/es\/wp-json\/wp\/v2\/media\/271"}],"wp:attachment":[{"href":"https:\/\/conhistoriamoda.com\/es\/wp-json\/wp\/v2\/media?parent=269"}],"wp:term":[{"taxonomy":"product_brand","embeddable":true,"href":"https:\/\/conhistoriamoda.com\/es\/wp-json\/wp\/v2\/product_brand?post=269"},{"taxonomy":"product_cat","embeddable":true,"href":"https:\/\/conhistoriamoda.com\/es\/wp-json\/wp\/v2\/product_cat?post=269"},{"taxonomy":"product_tag","embeddable":true,"href":"https:\/\/conhistoriamoda.com\/es\/wp-json\/wp\/v2\/product_tag?post=269"}],"curies":[{"name":"wp","href":"https:\/\/api.w.org\/{rel}","templated":true}]}}