{"id":225,"date":"2026-03-06T19:17:42","date_gmt":"2026-03-06T19:17:42","guid":{"rendered":"https:\/\/darkslategrey-turtle-871352.hostingersite.com\/?post_type=product&#038;p=225"},"modified":"2026-03-06T19:17:42","modified_gmt":"2026-03-06T19:17:42","slug":"china-made-deportiva-y-danza","status":"publish","type":"product","link":"https:\/\/conhistoriamoda.com\/es\/product\/china-made-deportiva-y-danza\/","title":{"rendered":"china made deportiva y danza"},"content":{"rendered":"<ul>\n<li>\n<p data-path-to-node=\"3,0,0\"><b data-path-to-node=\"3,0,0\" data-index-in-node=\"0\">Estampado:<\/b> Presenta un dise\u00f1o de <b data-path-to-node=\"3,0,0\" data-index-in-node=\"33\">arco\u00edris con franjas verticales<\/b> en colores pasteles (rosa, naranja, amarillo, verde, azul y violeta).<\/p>\n<\/li>\n<li>\n<p data-path-to-node=\"3,1,0\"><b data-path-to-node=\"3,1,0\" data-index-in-node=\"0\">Motivo:<\/b> Sobre el fondo de arco\u00edris, tiene siluetas de <b data-path-to-node=\"3,1,0\" data-index-in-node=\"54\">unicornios blancos<\/b> saltando, acompa\u00f1adas de peque\u00f1as estrellas blancas.<\/p>\n<\/li>\n<li>\n<p data-path-to-node=\"3,2,0\"><b data-path-to-node=\"3,2,0\" data-index-in-node=\"0\">Material:<\/b> Se observa una tela de <b data-path-to-node=\"3,2,0\" data-index-in-node=\"33\">acabado brillante o metalizado<\/b> (tipo foil o spandex), com\u00fan en las marcas de exportaci\u00f3n china por su elasticidad y durabilidad para el deporte.<\/p>\n<\/li>\n<li>\n<p data-path-to-node=\"3,3,0\"><b data-path-to-node=\"3,3,0\" data-index-in-node=\"0\">Corte:<\/b> Es un estilo <b data-path-to-node=\"3,3,0\" data-index-in-node=\"20\">&#8220;biketaard&#8221;<\/b> (leotardo con pantal\u00f3n corto), sin mangas y con cuello redondo, ideal para gimnasia r\u00edtmica, danza o acrobacias.<img fetchpriority=\"high\" decoding=\"async\" class=\"alignnone size-medium wp-image-226\" src=\"https:\/\/conhistoriamoda.com\/wp-content\/uploads\/2026\/03\/leotart-171x300.jpg\" alt=\"\" width=\"171\" height=\"300\" srcset=\"https:\/\/conhistoriamoda.com\/wp-content\/uploads\/2026\/03\/leotart-171x300.jpg 171w, https:\/\/conhistoriamoda.com\/wp-content\/uploads\/2026\/03\/leotart.jpg 585w\" sizes=\"(max-width: 171px) 100vw, 171px\" \/><\/p>\n<\/li>\n<\/ul>","protected":false},"excerpt":{"rendered":"<p><img fetchpriority=\"high\" decoding=\"async\" class=\"alignnone size-medium wp-image-226\" src=\"https:\/\/conhistoriamoda.com\/wp-content\/uploads\/2026\/03\/leotart-171x300.jpg\" alt=\"\" width=\"171\" height=\"300\" srcset=\"https:\/\/conhistoriamoda.com\/wp-content\/uploads\/2026\/03\/leotart-171x300.jpg 171w, https:\/\/conhistoriamoda.com\/wp-content\/uploads\/2026\/03\/leotart.jpg 585w\" sizes=\"(max-width: 171px) 100vw, 171px\" \/>leotardo de gimnasia para ni\u00f1as, probablemente de fabricaci\u00f3n china, dise\u00f1ado con un estilo vibrante y divertido.<\/p>","protected":false},"featured_media":226,"comment_status":"closed","ping_status":"closed","template":"","meta":[],"product_brand":[43],"product_cat":[33],"product_tag":[],"class_list":{"0":"post-225","1":"product","2":"type-product","3":"status-publish","4":"has-post-thumbnail","6":"product_brand-china-made","7":"product_cat-nina","9":"first","10":"instock","11":"shipping-taxable","12":"purchasable","13":"product-type-simple"},"aioseo_notices":[],"_links":{"self":[{"href":"https:\/\/conhistoriamoda.com\/es\/wp-json\/wp\/v2\/product\/225","targetHints":{"allow":["GET"]}}],"collection":[{"href":"https:\/\/conhistoriamoda.com\/es\/wp-json\/wp\/v2\/product"}],"about":[{"href":"https:\/\/conhistoriamoda.com\/es\/wp-json\/wp\/v2\/types\/product"}],"replies":[{"embeddable":true,"href":"https:\/\/conhistoriamoda.com\/es\/wp-json\/wp\/v2\/comments?post=225"}],"wp:featuredmedia":[{"embeddable":true,"href":"https:\/\/conhistoriamoda.com\/es\/wp-json\/wp\/v2\/media\/226"}],"wp:attachment":[{"href":"https:\/\/conhistoriamoda.com\/es\/wp-json\/wp\/v2\/media?parent=225"}],"wp:term":[{"taxonomy":"product_brand","embeddable":true,"href":"https:\/\/conhistoriamoda.com\/es\/wp-json\/wp\/v2\/product_brand?post=225"},{"taxonomy":"product_cat","embeddable":true,"href":"https:\/\/conhistoriamoda.com\/es\/wp-json\/wp\/v2\/product_cat?post=225"},{"taxonomy":"product_tag","embeddable":true,"href":"https:\/\/conhistoriamoda.com\/es\/wp-json\/wp\/v2\/product_tag?post=225"}],"curies":[{"name":"wp","href":"https:\/\/api.w.org\/{rel}","templated":true}]}}