{"id":219,"date":"2026-03-06T16:12:37","date_gmt":"2026-03-06T16:12:37","guid":{"rendered":"https:\/\/darkslategrey-turtle-871352.hostingersite.com\/?post_type=product&#038;p=219"},"modified":"2026-03-06T19:18:49","modified_gmt":"2026-03-06T19:18:49","slug":"dkny-donna-karan-new-york","status":"publish","type":"product","link":"https:\/\/conhistoriamoda.com\/es\/product\/dkny-donna-karan-new-york\/","title":{"rendered":"DKNY (Donna Karan New York)"},"content":{"rendered":"<ul>\n<li>\n<p data-path-to-node=\"5,0,0\"><b data-path-to-node=\"5,0,0\" data-index-in-node=\"0\">Estilo:<\/b> Jean de corte ajustado (<i data-path-to-node=\"5,0,0\" data-index-in-node=\"32\">skinny fit<\/i>) en un tono azul denim cl\u00e1sico con un ligero lavado deslavado en los muslos.<\/p>\n<\/li>\n<li>\n<p data-path-to-node=\"5,1,0\"><b data-path-to-node=\"5,1,0\" data-index-in-node=\"0\">Decoraci\u00f3n:<\/b> Presenta un hermoso degradado de <b data-path-to-node=\"5,1,0\" data-index-in-node=\"45\">cristales brillantes<\/b> (pedrer\u00eda) que comienzan desde la parte inferior de la pierna y suben hacia la rodilla, d\u00e1ndole un toque moderno y glamuroso.<\/p>\n<\/li>\n<li>\n<p data-path-to-node=\"5,2,0\"><b data-path-to-node=\"5,2,0\" data-index-in-node=\"0\">Logotipo:<\/b> Incluye el distintivo logo de <b data-path-to-node=\"5,2,0\" data-index-in-node=\"40\">DKNY<\/b> bordado sutilmente en la parte frontal superior.<\/p>\n<\/li>\n<li>\n<p id=\"p-rc_b9215152c0e88623-19\" data-path-to-node=\"5,3,0\"><b data-path-to-node=\"5,3,0\" data-index-in-node=\"0\">Acabado:<\/b><span class=\"citation-1 citation-end-1\"> Cintura con trabillas para cintur\u00f3n, cierre de bot\u00f3n y cremallera, y bolsillos funcionales.<\/span><img fetchpriority=\"high\" decoding=\"async\" class=\"alignnone size-medium wp-image-220\" src=\"https:\/\/conhistoriamoda.com\/wp-content\/uploads\/2026\/03\/dgp-171x300.jpg\" alt=\"\" width=\"171\" height=\"300\" srcset=\"https:\/\/conhistoriamoda.com\/wp-content\/uploads\/2026\/03\/dgp-171x300.jpg 171w, https:\/\/conhistoriamoda.com\/wp-content\/uploads\/2026\/03\/dgp.jpg 585w\" sizes=\"(max-width: 171px) 100vw, 171px\" \/><\/p>\n<\/li>\n<\/ul>","protected":false},"excerpt":{"rendered":"<p>Estilo: Jean de corte ajustado (skinny fit) en un tono azul denim cl\u00e1sico con un ligero lavado deslavado en los muslos. Decoraci\u00f3n: Presenta un hermoso degradado de cristales brillantes (pedrer\u00eda) que comienzan desde la parte inferior de la pierna y suben hacia la rodilla, d\u00e1ndole un toque moderno y glamuroso. Logotipo: Incluye el distintivo logo [&hellip;]<\/p>\n","protected":false},"featured_media":220,"comment_status":"closed","ping_status":"closed","template":"","meta":[],"product_brand":[40],"product_cat":[33],"product_tag":[],"class_list":{"0":"post-219","1":"product","2":"type-product","3":"status-publish","4":"has-post-thumbnail","6":"product_brand-dkny","7":"product_cat-nina","9":"first","10":"instock","11":"shipping-taxable","12":"purchasable","13":"product-type-simple"},"aioseo_notices":[],"_links":{"self":[{"href":"https:\/\/conhistoriamoda.com\/es\/wp-json\/wp\/v2\/product\/219","targetHints":{"allow":["GET"]}}],"collection":[{"href":"https:\/\/conhistoriamoda.com\/es\/wp-json\/wp\/v2\/product"}],"about":[{"href":"https:\/\/conhistoriamoda.com\/es\/wp-json\/wp\/v2\/types\/product"}],"replies":[{"embeddable":true,"href":"https:\/\/conhistoriamoda.com\/es\/wp-json\/wp\/v2\/comments?post=219"}],"wp:featuredmedia":[{"embeddable":true,"href":"https:\/\/conhistoriamoda.com\/es\/wp-json\/wp\/v2\/media\/220"}],"wp:attachment":[{"href":"https:\/\/conhistoriamoda.com\/es\/wp-json\/wp\/v2\/media?parent=219"}],"wp:term":[{"taxonomy":"product_brand","embeddable":true,"href":"https:\/\/conhistoriamoda.com\/es\/wp-json\/wp\/v2\/product_brand?post=219"},{"taxonomy":"product_cat","embeddable":true,"href":"https:\/\/conhistoriamoda.com\/es\/wp-json\/wp\/v2\/product_cat?post=219"},{"taxonomy":"product_tag","embeddable":true,"href":"https:\/\/conhistoriamoda.com\/es\/wp-json\/wp\/v2\/product_tag?post=219"}],"curies":[{"name":"wp","href":"https:\/\/api.w.org\/{rel}","templated":true}]}}