{"id":205,"date":"2026-03-04T13:31:53","date_gmt":"2026-03-04T13:31:53","guid":{"rendered":"https:\/\/conhistoriamoda.com\/?post_type=product&#038;p=205"},"modified":"2026-03-04T13:31:53","modified_gmt":"2026-03-04T13:31:53","slug":"vince-camuto-zapatos","status":"publish","type":"product","link":"https:\/\/conhistoriamoda.com\/es\/product\/vince-camuto-zapatos\/","title":{"rendered":"Vince Camuto zapatos"},"content":{"rendered":"<p data-path-to-node=\"2\">Se trata de un par de <b data-path-to-node=\"2\" data-index-in-node=\"22\">mocasines de tac\u00f3n alto<\/b> de la marca <b data-path-to-node=\"2\" data-index-in-node=\"58\">Vince Camuto<\/b>, talla <b data-path-to-node=\"2\" data-index-in-node=\"78\">6.5<\/b>. Presentan un dise\u00f1o elegante y sofisticado con las siguientes caracter\u00edsticas:<\/p>\n<ul data-path-to-node=\"3\">\n<li>\n<p data-path-to-node=\"3,0,0\"><b data-path-to-node=\"3,0,0\" data-index-in-node=\"0\">Estilo:<\/b> &#8220;Loafer pump&#8221; (mocas\u00edn con tac\u00f3n) de estilo bicolor o <i data-path-to-node=\"3,0,0\" data-index-in-node=\"62\">spectator<\/i>.<\/p>\n<\/li>\n<li>\n<p data-path-to-node=\"3,1,0\"><b data-path-to-node=\"3,1,0\" data-index-in-node=\"0\">Color:<\/b> Combinaci\u00f3n cl\u00e1sica en blanco y negro.<\/p>\n<\/li>\n<li>\n<p data-path-to-node=\"3,2,0\"><b data-path-to-node=\"3,2,0\" data-index-in-node=\"0\">Detalles:<\/b> * Cuentan con <b data-path-to-node=\"3,2,0\" data-index-in-node=\"24\">borlas decorativas<\/b> (tassels) de color negro en la parte frontal.<\/p>\n<ul data-path-to-node=\"3,2,1\">\n<li>\n<p data-path-to-node=\"3,2,1,0,0\">Detalles de perforaciones tipo <b data-path-to-node=\"3,2,1,0,0\" data-index-in-node=\"31\">brogue<\/b> en el tal\u00f3n de color blanco.<\/p>\n<\/li>\n<li>\n<p data-path-to-node=\"3,2,1,1,0\">Tac\u00f3n ancho y robusto que ofrece mayor estabilidad y comodidad.<\/p>\n<\/li>\n<\/ul>\n<\/li>\n<li>\n<p data-path-to-node=\"3,3,0\"><b data-path-to-node=\"3,3,0\" data-index-in-node=\"0\">Material:<\/b> Acabado en piel o material sint\u00e9tico de alta calidad con textura suave.<img fetchpriority=\"high\" decoding=\"async\" class=\"alignnone size-medium wp-image-206\" src=\"http:\/\/conhistoriamoda.com\/wp-content\/uploads\/2026\/03\/black-and-white-219x300.jpg\" alt=\"\" width=\"219\" height=\"300\" srcset=\"https:\/\/conhistoriamoda.com\/wp-content\/uploads\/2026\/03\/black-and-white-219x300.jpg 219w, https:\/\/conhistoriamoda.com\/wp-content\/uploads\/2026\/03\/black-and-white-600x822.jpg 600w, https:\/\/conhistoriamoda.com\/wp-content\/uploads\/2026\/03\/black-and-white.jpg 747w\" sizes=\"(max-width: 219px) 100vw, 219px\" \/><\/p>\n<\/li>\n<\/ul>","protected":false},"excerpt":{"rendered":"<p>&#8220;Elegantes zapatos Vince Camuto talla 6.5. Dise\u00f1o tipo mocas\u00edn de tac\u00f3n en blanco y negro con detalles de borlas. Perfectos para un look profesional o una ocasi\u00f3n especial. \u00a1En excelente estado!&#8221;<img decoding=\"async\" class=\"alignnone size-medium wp-image-207\" src=\"http:\/\/conhistoriamoda.com\/wp-content\/uploads\/2026\/03\/camoto-219x300.jpg\" alt=\"\" width=\"219\" height=\"300\" srcset=\"https:\/\/conhistoriamoda.com\/wp-content\/uploads\/2026\/03\/camoto-219x300.jpg 219w, https:\/\/conhistoriamoda.com\/wp-content\/uploads\/2026\/03\/camoto-600x822.jpg 600w, https:\/\/conhistoriamoda.com\/wp-content\/uploads\/2026\/03\/camoto.jpg 747w\" sizes=\"(max-width: 219px) 100vw, 219px\" \/><\/p>","protected":false},"featured_media":206,"comment_status":"closed","ping_status":"closed","template":"","meta":[],"product_brand":[37],"product_cat":[34],"product_tag":[],"class_list":{"0":"post-205","1":"product","2":"type-product","3":"status-publish","4":"has-post-thumbnail","6":"product_brand-vince-camuto","7":"product_cat-zapatos","9":"first","10":"instock","11":"shipping-taxable","12":"purchasable","13":"product-type-simple"},"aioseo_notices":[],"_links":{"self":[{"href":"https:\/\/conhistoriamoda.com\/es\/wp-json\/wp\/v2\/product\/205","targetHints":{"allow":["GET"]}}],"collection":[{"href":"https:\/\/conhistoriamoda.com\/es\/wp-json\/wp\/v2\/product"}],"about":[{"href":"https:\/\/conhistoriamoda.com\/es\/wp-json\/wp\/v2\/types\/product"}],"replies":[{"embeddable":true,"href":"https:\/\/conhistoriamoda.com\/es\/wp-json\/wp\/v2\/comments?post=205"}],"wp:featuredmedia":[{"embeddable":true,"href":"https:\/\/conhistoriamoda.com\/es\/wp-json\/wp\/v2\/media\/206"}],"wp:attachment":[{"href":"https:\/\/conhistoriamoda.com\/es\/wp-json\/wp\/v2\/media?parent=205"}],"wp:term":[{"taxonomy":"product_brand","embeddable":true,"href":"https:\/\/conhistoriamoda.com\/es\/wp-json\/wp\/v2\/product_brand?post=205"},{"taxonomy":"product_cat","embeddable":true,"href":"https:\/\/conhistoriamoda.com\/es\/wp-json\/wp\/v2\/product_cat?post=205"},{"taxonomy":"product_tag","embeddable":true,"href":"https:\/\/conhistoriamoda.com\/es\/wp-json\/wp\/v2\/product_tag?post=205"}],"curies":[{"name":"wp","href":"https:\/\/api.w.org\/{rel}","templated":true}]}}