{"id":102,"date":"2026-02-21T00:41:37","date_gmt":"2026-02-21T00:41:37","guid":{"rendered":"https:\/\/conhistoriamoda.com\/?post_type=product&#038;p=102"},"modified":"2026-02-21T11:45:21","modified_gmt":"2026-02-21T11:45:21","slug":"camisa-lunares-noir","status":"publish","type":"product","link":"https:\/\/conhistoriamoda.com\/es\/product\/camisa-lunares-noir\/","title":{"rendered":"Camisa Lunares Noir"},"content":{"rendered":"<p>Camisa negra de manga larga con un patr\u00f3n cl\u00e1sico de lunares blancos. Presenta cuello y pu\u00f1os s\u00f3lidos en negro para un contraste sofisticado. Su silueta recta y ligera ofrece un estilo moderno y vers\u00e1til, ideal para combinar con pantalones blancos o denim para un look elegante y atemporal.<\/p>","protected":false},"excerpt":{"rendered":"<p><img fetchpriority=\"high\" decoding=\"async\" class=\"alignnone size-medium wp-image-98\" src=\"http:\/\/conhistoriamoda.com\/wp-content\/uploads\/2026\/02\/shirt-2-1-171x300.jpg\" alt=\"\" width=\"171\" height=\"300\" srcset=\"https:\/\/conhistoriamoda.com\/wp-content\/uploads\/2026\/02\/shirt-2-1-171x300.jpg 171w, https:\/\/conhistoriamoda.com\/wp-content\/uploads\/2026\/02\/shirt-2-1.jpg 585w\" sizes=\"(max-width: 171px) 100vw, 171px\" \/><\/p>","protected":false},"featured_media":97,"comment_status":"closed","ping_status":"closed","template":"","meta":[],"product_brand":[20],"product_cat":[15],"product_tag":[21],"class_list":{"0":"post-102","1":"product","2":"type-product","3":"status-publish","4":"has-post-thumbnail","6":"product_brand-banana-republic","7":"product_cat-mujer","8":"product_tag-blusa","10":"first","11":"instock","12":"sale","13":"sold-individually","14":"shipping-taxable","15":"purchasable","16":"product-type-simple"},"aioseo_notices":[],"_links":{"self":[{"href":"https:\/\/conhistoriamoda.com\/es\/wp-json\/wp\/v2\/product\/102","targetHints":{"allow":["GET"]}}],"collection":[{"href":"https:\/\/conhistoriamoda.com\/es\/wp-json\/wp\/v2\/product"}],"about":[{"href":"https:\/\/conhistoriamoda.com\/es\/wp-json\/wp\/v2\/types\/product"}],"replies":[{"embeddable":true,"href":"https:\/\/conhistoriamoda.com\/es\/wp-json\/wp\/v2\/comments?post=102"}],"wp:featuredmedia":[{"embeddable":true,"href":"https:\/\/conhistoriamoda.com\/es\/wp-json\/wp\/v2\/media\/97"}],"wp:attachment":[{"href":"https:\/\/conhistoriamoda.com\/es\/wp-json\/wp\/v2\/media?parent=102"}],"wp:term":[{"taxonomy":"product_brand","embeddable":true,"href":"https:\/\/conhistoriamoda.com\/es\/wp-json\/wp\/v2\/product_brand?post=102"},{"taxonomy":"product_cat","embeddable":true,"href":"https:\/\/conhistoriamoda.com\/es\/wp-json\/wp\/v2\/product_cat?post=102"},{"taxonomy":"product_tag","embeddable":true,"href":"https:\/\/conhistoriamoda.com\/es\/wp-json\/wp\/v2\/product_tag?post=102"}],"curies":[{"name":"wp","href":"https:\/\/api.w.org\/{rel}","templated":true}]}}